{"id":10497,"date":"2025-08-06T09:08:53","date_gmt":"2025-08-06T07:08:53","guid":{"rendered":"https:\/\/tsvdeinsen.de\/?page_id=10497"},"modified":"2025-08-06T10:26:14","modified_gmt":"2025-08-06T08:26:14","slug":"kader-2025-2026","status":"publish","type":"page","link":"https:\/\/tsvdeinsen.de\/?page_id=10497","title":{"rendered":"Kader 2025\/2026"},"content":{"rendered":"\n<figure class=\"wp-block-image size-large\"><img loading=\"lazy\" decoding=\"async\" width=\"1024\" height=\"683\" src=\"https:\/\/tsvdeinsen.de\/wp-content\/uploads\/2025\/08\/IMG_1869-1024x683.jpg\" alt=\"\" class=\"wp-image-10498\" srcset=\"https:\/\/tsvdeinsen.de\/wp-content\/uploads\/2025\/08\/IMG_1869-1024x683.jpg 1024w, https:\/\/tsvdeinsen.de\/wp-content\/uploads\/2025\/08\/IMG_1869-300x200.jpg 300w, https:\/\/tsvdeinsen.de\/wp-content\/uploads\/2025\/08\/IMG_1869-1536x1024.jpg 1536w, https:\/\/tsvdeinsen.de\/wp-content\/uploads\/2025\/08\/IMG_1869-2048x1365.jpg 2048w, https:\/\/tsvdeinsen.de\/wp-content\/uploads\/2025\/08\/IMG_1869-128x85.jpg 128w, https:\/\/tsvdeinsen.de\/wp-content\/uploads\/2025\/08\/IMG_1869-32x21.jpg 32w\" sizes=\"auto, (max-width: 1024px) 100vw, 1024px\" \/><figcaption class=\"wp-element-caption\">Quelle: LDZ<br>hinten von links: Spartenleiter Manuel Beining, Justin R\u00f6hnsch-Flessel, Drelon Ahmetaj, Milan Ander, Mika Brandes, Elias Noam K\u00f6rner, Samir Pllana, Leon Burghardt und Trainer Kevin Lasenowski<br>vorne von links: Teammanager Sercan Z\u00fcmr\u00fct, Robbins N&#8217;Seto\u00a0Kotoka, Agron Luma, Rohan Durak, Daniel Schulz, Vincenzo Guida, Mensur Isufi, Davit Tchabashvili und Betreuer Jannik Ri\u00dfau<br><br>Es fehlen: Leandro Fischer, Hoshyar Taha Bash, Ousmane Soumah, Mathias Meinhart, Sebastian Hudl, Ablo Konate, Martin Gusek, Elbisjon Ahmetaj, Vitalij Poljakov und Ilario Guida<\/figcaption><\/figure>\n","protected":false},"excerpt":{"rendered":"","protected":false},"author":5,"featured_media":0,"parent":0,"menu_order":0,"comment_status":"closed","ping_status":"closed","template":"","meta":{"footnotes":""},"class_list":["post-10497","page","type-page","status-publish","hentry"],"_links":{"self":[{"href":"https:\/\/tsvdeinsen.de\/index.php?rest_route=\/wp\/v2\/pages\/10497","targetHints":{"allow":["GET"]}}],"collection":[{"href":"https:\/\/tsvdeinsen.de\/index.php?rest_route=\/wp\/v2\/pages"}],"about":[{"href":"https:\/\/tsvdeinsen.de\/index.php?rest_route=\/wp\/v2\/types\/page"}],"author":[{"embeddable":true,"href":"https:\/\/tsvdeinsen.de\/index.php?rest_route=\/wp\/v2\/users\/5"}],"replies":[{"embeddable":true,"href":"https:\/\/tsvdeinsen.de\/index.php?rest_route=%2Fwp%2Fv2%2Fcomments&post=10497"}],"version-history":[{"count":2,"href":"https:\/\/tsvdeinsen.de\/index.php?rest_route=\/wp\/v2\/pages\/10497\/revisions"}],"predecessor-version":[{"id":10501,"href":"https:\/\/tsvdeinsen.de\/index.php?rest_route=\/wp\/v2\/pages\/10497\/revisions\/10501"}],"wp:attachment":[{"href":"https:\/\/tsvdeinsen.de\/index.php?rest_route=%2Fwp%2Fv2%2Fmedia&parent=10497"}],"curies":[{"name":"wp","href":"https:\/\/api.w.org\/{rel}","templated":true}]}}