{"id":7,"date":"2014-04-11T14:39:26","date_gmt":"2014-04-11T14:39:26","guid":{"rendered":"http:\/\/sporty-wp.wp4life.com\/?page_id=7"},"modified":"2026-04-15T16:49:10","modified_gmt":"2026-04-15T14:49:10","slug":"homepage","status":"publish","type":"page","link":"https:\/\/tsvdeinsen.de\/","title":{"rendered":"Home"},"content":{"rendered":"\n<p><font size=\"4\"><mark style=\"background-color:rgb(0, 0, 0)\" class=\"has-inline-color has-white-color\"><strong>NEWS:<\/strong><\/mark><mark style=\"background-color:rgb(0, 0, 0)\" class=\"has-inline-color has-vivid-red-color\"><strong> Herren am Mittwoch um 19Uhr beim TSV F\u00f6hrste zu Gast !!!<\/strong><\/mark><\/font><\/p>\n\n\n<!-- POST -->\r\n<article class=\"post\">\r\n    <div class=\"post-10948 post type-post status-publish format-standard has-post-thumbnail hentry category-allgemein\"  id=\"post-10948\">\r\n          \r\n        <figure>\r\n            <a href=\"https:\/\/tsvdeinsen.de\/?p=10948\">\r\n                <img loading=\"lazy\" decoding=\"async\" width=\"964\" height=\"428\" src=\"https:\/\/tsvdeinsen.de\/wp-content\/uploads\/2026\/04\/IMG_20260415_161559-scaled-e1776330983533-964x428.jpg\" class=\"attachment-sporty-blog-image size-sporty-blog-image wp-post-image\" alt=\"\" \/>            <\/a>\r\n            <figcaption>\r\n                <h2>Sieg und Niederlage f\u00fcr \u00dc40<\/h2>\r\n                <div class=\"post-date\">15. April 2026<\/div>\r\n            <\/figcaption>\r\n        <\/figure>\r\n                        <p>Zum Auftakt in den straffen April f\u00fcr unsere \u00dc40 mit 5 Spielen in 14 Tagen gab es f\u00fcr unser Team am vergangenen Freitag zun\u00e4chst einen 7:1 (3:0) Heimsieg gegen die SG Freden\/F\u00f6hrste\/Alfeld II und am gestrigen Dienstag folgte eine 4:0 (2:0) Niederlage bei der SG Irmenseul\/Lamspringe\/Adenstedt. Im Heimspiel gegen die SG Freden\/F\u00f6hrste\/Alfeld II begann unser<\/p>\n<p><a class=\"read-more\" href=\"https:\/\/tsvdeinsen.de\/?p=10948\"> Read More&#8230;<\/a><\/p>\n    <\/div>    \r\n<\/article>\r\n<hr\/>\r\n<!-- POST -->\r\n<article class=\"post\">\r\n    <div class=\"post-10944 post type-post status-publish format-standard has-post-thumbnail hentry category-allgemein\"  id=\"post-10944\">\r\n          \r\n        <figure>\r\n            <a href=\"https:\/\/tsvdeinsen.de\/?p=10944\">\r\n                <img loading=\"lazy\" decoding=\"async\" width=\"964\" height=\"428\" src=\"https:\/\/tsvdeinsen.de\/wp-content\/uploads\/2026\/04\/IMG_20260412_151420-964x428.jpg\" class=\"attachment-sporty-blog-image size-sporty-blog-image wp-post-image\" alt=\"\" \/>            <\/a>\r\n            <figcaption>\r\n                <h2>Unn\u00f6tige Niederlage f\u00fcr Herren<\/h2>\r\n                <div class=\"post-date\">12. April 2026<\/div>\r\n            <\/figcaption>\r\n        <\/figure>\r\n                        <p>Beim SV Teutonia Sorsum mussten unsere Herren eine bittere 1:0 (1:0) Niederlage trotz zahlreicher M\u00f6glichkeiten einstecken. Das Spiel begann zun\u00e4chst abwartend und es dauerte bis zur 17.Minute ehe Leandro Fischer nach einem Konter die erste Chance des Spiels hatte. Auf der anderen Seite kamen die Sorsumer das erste mal nach 20.Minuten gef\u00e4hrlich vors Deinser Tor.<\/p>\n<p><a class=\"read-more\" href=\"https:\/\/tsvdeinsen.de\/?p=10944\"> Read More&#8230;<\/a><\/p>\n    <\/div>    \r\n<\/article>\r\n<hr\/>\r\n<!-- POST -->\r\n<article class=\"post\">\r\n    <div class=\"post-10932 post type-post status-publish format-standard has-post-thumbnail hentry category-allgemein\"  id=\"post-10932\">\r\n          \r\n        <figure>\r\n            <a href=\"https:\/\/tsvdeinsen.de\/?p=10932\">\r\n                <img loading=\"lazy\" decoding=\"async\" width=\"964\" height=\"428\" src=\"https:\/\/tsvdeinsen.de\/wp-content\/uploads\/2026\/04\/IMG-20260406-WA0002-964x428.jpg\" class=\"attachment-sporty-blog-image size-sporty-blog-image wp-post-image\" alt=\"\" \/>            <\/a>\r\n            <figcaption>\r\n                <h2>Herren ziehen ins Pokal Halbfinale ein<\/h2>\r\n                <div class=\"post-date\">7. April 2026<\/div>\r\n            <\/figcaption>\r\n        <\/figure>\r\n                        <p>Dank einer nervenstarken Leistung im Elfmeterschie\u00dfen konnte sich unser Team am Ostermontag gegen den SC Harsum II am Ende verdient mit 5:6 (0:0) n.E. durchsetzen. Unserem Team merkte man das Derby gegen den SSV Elze am Ostersamstag schon noch etwas an, so dass der ein oder andere Spieler mit schweren Beinen in die Partie ging.<\/p>\n<p><a class=\"read-more\" href=\"https:\/\/tsvdeinsen.de\/?p=10932\"> Read More&#8230;<\/a><\/p>\n    <\/div>    \r\n<\/article>\r\n<hr\/>\r\n<!-- POST -->\r\n<article class=\"post\">\r\n    <div class=\"post-10919 post type-post status-publish format-standard has-post-thumbnail hentry category-allgemein\"  id=\"post-10919\">\r\n          \r\n        <figure>\r\n            <a href=\"https:\/\/tsvdeinsen.de\/?p=10919\">\r\n                <img loading=\"lazy\" decoding=\"async\" width=\"964\" height=\"428\" src=\"https:\/\/tsvdeinsen.de\/wp-content\/uploads\/2026\/04\/IMG_20260404_151336-1-964x428.jpg\" class=\"attachment-sporty-blog-image size-sporty-blog-image wp-post-image\" alt=\"\" \/>            <\/a>\r\n            <figcaption>\r\n                <h2>Gerechtes Remis im Derby gegen Elze<\/h2>\r\n                <div class=\"post-date\">5. April 2026<\/div>\r\n            <\/figcaption>\r\n        <\/figure>\r\n                        <p>Im Derby am Ostersamstag trennte sich unser Team leistungsgerecht mit einem 3:3 (0:2) Remis vom SSV Elze. Unser Team hatte zwar mehr Spielkontrolle in der ersten Halbzeit, tat sich aber schwer zu guten Chancen zu kommen. Auf der anderen Seite zeigte man sich in der Defensive zun\u00e4chst immer wieder anf\u00e4llig. Mit der ersten Chance des<\/p>\n<p><a class=\"read-more\" href=\"https:\/\/tsvdeinsen.de\/?p=10919\"> Read More&#8230;<\/a><\/p>\n    <\/div>    \r\n<\/article>\r\n<hr\/>\r\n<!-- POST -->\r\n<article class=\"post\">\r\n    <div class=\"post-10911 post type-post status-publish format-standard has-post-thumbnail hentry category-allgemein\"  id=\"post-10911\">\r\n          \r\n        <figure>\r\n            <a href=\"https:\/\/tsvdeinsen.de\/?p=10911\">\r\n                <img loading=\"lazy\" decoding=\"async\" width=\"964\" height=\"428\" src=\"https:\/\/tsvdeinsen.de\/wp-content\/uploads\/2026\/03\/IMG_20260329_152756-964x428.jpg\" class=\"attachment-sporty-blog-image size-sporty-blog-image wp-post-image\" alt=\"\" \/>            <\/a>\r\n            <figcaption>\r\n                <h2>Bittere Niederlage f\u00fcr Herren<\/h2>\r\n                <div class=\"post-date\">29. M\u00e4rz 2026<\/div>\r\n            <\/figcaption>\r\n        <\/figure>\r\n                        <p>Trotz eines deutlich verbesserten Auftrittes im Vergleich zu den letzten Spielen mussten sich unsere Herren am Ende dem TuS L\u00fchnde mit 2:3 (1:1) geschlagen geben. Unser Team erwischte heute einen Start nach Ma\u00df und konnte bereits in der 1.Minute durch Elbisjon Ahmetaj mit 1:0 in F\u00fchrung gehen. Dabei verwertete &#8220;Elbi&#8221; einen Nachschuss, nachdem der G\u00e4stekeeper<\/p>\n<p><a class=\"read-more\" href=\"https:\/\/tsvdeinsen.de\/?p=10911\"> Read More&#8230;<\/a><\/p>\n    <\/div>    \r\n<\/article>\r\n<hr\/>\r\n<!-- VIEW ALL BUTTON -->\r\n<div class=\"blogpager\">\r\n    <div class=\"previous\">\r\n        <a href=\"https:\/\/tsvdeinsen.de\/?page_id=9\">View All<\/a>\r\n    <\/div>\r\n<\/div>\r\n\n<p><a href=\"https:\/\/www.hannover96.de\/eddis-kids\/partnerschaften\"><img loading=\"lazy\" decoding=\"async\" class=\"aligncenter wp-image-801 size-medium\" src=\"https:\/\/tsvdeinsen.de\/wp-content\/uploads\/2014\/04\/96vereint-300x137.png\" alt=\"96vereint\" width=\"300\" height=\"137\" srcset=\"https:\/\/tsvdeinsen.de\/wp-content\/uploads\/2014\/04\/96vereint-300x137.png 300w, https:\/\/tsvdeinsen.de\/wp-content\/uploads\/2014\/04\/96vereint.png 448w\" sizes=\"auto, (max-width: 300px) 100vw, 300px\" \/><\/a><\/p>","protected":false},"excerpt":{"rendered":"<p>NEWS: Herren am Mittwoch um 19Uhr beim TSV F\u00f6hrste zu Gast !!!<\/p>\n","protected":false},"author":1,"featured_media":0,"parent":0,"menu_order":0,"comment_status":"open","ping_status":"open","template":"","meta":{"footnotes":""},"class_list":["post-7","page","type-page","status-publish","hentry"],"_links":{"self":[{"href":"https:\/\/tsvdeinsen.de\/index.php?rest_route=\/wp\/v2\/pages\/7","targetHints":{"allow":["GET"]}}],"collection":[{"href":"https:\/\/tsvdeinsen.de\/index.php?rest_route=\/wp\/v2\/pages"}],"about":[{"href":"https:\/\/tsvdeinsen.de\/index.php?rest_route=\/wp\/v2\/types\/page"}],"author":[{"embeddable":true,"href":"https:\/\/tsvdeinsen.de\/index.php?rest_route=\/wp\/v2\/users\/1"}],"replies":[{"embeddable":true,"href":"https:\/\/tsvdeinsen.de\/index.php?rest_route=%2Fwp%2Fv2%2Fcomments&post=7"}],"version-history":[{"count":282,"href":"https:\/\/tsvdeinsen.de\/index.php?rest_route=\/wp\/v2\/pages\/7\/revisions"}],"predecessor-version":[{"id":10954,"href":"https:\/\/tsvdeinsen.de\/index.php?rest_route=\/wp\/v2\/pages\/7\/revisions\/10954"}],"wp:attachment":[{"href":"https:\/\/tsvdeinsen.de\/index.php?rest_route=%2Fwp%2Fv2%2Fmedia&parent=7"}],"curies":[{"name":"wp","href":"https:\/\/api.w.org\/{rel}","templated":true}]}}