{"id":8574,"date":"2021-09-06T18:00:49","date_gmt":"2021-09-06T16:00:49","guid":{"rendered":"https:\/\/tsvdeinsen.de\/?page_id=8574"},"modified":"2022-09-26T19:37:12","modified_gmt":"2022-09-26T17:37:12","slug":"mountain-biking","status":"publish","type":"page","link":"https:\/\/tsvdeinsen.de\/?page_id=8574","title":{"rendered":"Mountain Biking"},"content":{"rendered":"\n<p>Immer wieder Samstags trifft sich ein Teil des TSV zum gemeinsamen Mountain Biking. Bisherige Touren f\u00fchrten z.B. \u00fcber den L\u00f6hnsturm oder \u00fcber den Himmelberg. Neue Teilnehmer sind jederzeit willkommen.<\/p>\n\n\n\n<p>Hier eine \u00dcbersicht \u00fcber m\u00f6gliche Touren:<\/p>\n\n\n\n<p>https:\/\/www.komoot.de\/tour\/417604490?ref=avs&#038;share_token=atbZYXbdtFnduOoKWyKl464QFGrh7QpH1C796fgM6fGfBvu7DF&#038;fbclid=IwAR1zwEetmE55i_-VWbf29IW6Y2_KQA1YeXaJ3_jBKfiOL6InzbiIITfWl0Q <\/p>\n\n\n\n<figure class=\"wp-block-image size-large\"><img loading=\"lazy\" decoding=\"async\" width=\"1024\" height=\"768\" src=\"https:\/\/tsvdeinsen.de\/wp-content\/uploads\/2021\/09\/1630944314085-1024x768.jpg\" alt=\"\" class=\"wp-image-8583\" srcset=\"https:\/\/tsvdeinsen.de\/wp-content\/uploads\/2021\/09\/1630944314085-1024x768.jpg 1024w, https:\/\/tsvdeinsen.de\/wp-content\/uploads\/2021\/09\/1630944314085-300x225.jpg 300w, https:\/\/tsvdeinsen.de\/wp-content\/uploads\/2021\/09\/1630944314085-1536x1152.jpg 1536w, https:\/\/tsvdeinsen.de\/wp-content\/uploads\/2021\/09\/1630944314085-128x96.jpg 128w, https:\/\/tsvdeinsen.de\/wp-content\/uploads\/2021\/09\/1630944314085-32x24.jpg 32w, https:\/\/tsvdeinsen.de\/wp-content\/uploads\/2021\/09\/1630944314085.jpg 1600w\" sizes=\"auto, (max-width: 1024px) 100vw, 1024px\" \/><figcaption>Tour \u00fcber den Tafelturm und den Himmelberg<\/figcaption><\/figure>\n","protected":false},"excerpt":{"rendered":"<p>Immer wieder Samstags trifft sich ein Teil des TSV zum gemeinsamen Mountain Biking. Bisherige Touren f\u00fchrten z.B. \u00fcber den L\u00f6hnsturm oder \u00fcber den Himmelberg. Neue Teilnehmer sind jederzeit willkommen. Hier eine \u00dcbersicht \u00fcber m\u00f6gliche Touren: https:\/\/www.komoot.de\/tour\/417604490?ref=avs&#038;share_token=atbZYXbdtFnduOoKWyKl464QFGrh7QpH1C796fgM6fGfBvu7DF&#038;fbclid=IwAR1zwEetmE55i_-VWbf29IW6Y2_KQA1YeXaJ3_jBKfiOL6InzbiIITfWl0Q<\/p>\n","protected":false},"author":5,"featured_media":0,"parent":0,"menu_order":0,"comment_status":"closed","ping_status":"closed","template":"","meta":{"footnotes":""},"class_list":["post-8574","page","type-page","status-publish","hentry"],"_links":{"self":[{"href":"https:\/\/tsvdeinsen.de\/index.php?rest_route=\/wp\/v2\/pages\/8574","targetHints":{"allow":["GET"]}}],"collection":[{"href":"https:\/\/tsvdeinsen.de\/index.php?rest_route=\/wp\/v2\/pages"}],"about":[{"href":"https:\/\/tsvdeinsen.de\/index.php?rest_route=\/wp\/v2\/types\/page"}],"author":[{"embeddable":true,"href":"https:\/\/tsvdeinsen.de\/index.php?rest_route=\/wp\/v2\/users\/5"}],"replies":[{"embeddable":true,"href":"https:\/\/tsvdeinsen.de\/index.php?rest_route=%2Fwp%2Fv2%2Fcomments&post=8574"}],"version-history":[{"count":5,"href":"https:\/\/tsvdeinsen.de\/index.php?rest_route=\/wp\/v2\/pages\/8574\/revisions"}],"predecessor-version":[{"id":9052,"href":"https:\/\/tsvdeinsen.de\/index.php?rest_route=\/wp\/v2\/pages\/8574\/revisions\/9052"}],"wp:attachment":[{"href":"https:\/\/tsvdeinsen.de\/index.php?rest_route=%2Fwp%2Fv2%2Fmedia&parent=8574"}],"curies":[{"name":"wp","href":"https:\/\/api.w.org\/{rel}","templated":true}]}}