{"id":8576,"date":"2021-09-06T18:01:27","date_gmt":"2021-09-06T16:01:27","guid":{"rendered":"https:\/\/tsvdeinsen.de\/?page_id=8576"},"modified":"2021-09-06T18:42:31","modified_gmt":"2021-09-06T16:42:31","slug":"nordic-walking","status":"publish","type":"page","link":"https:\/\/tsvdeinsen.de\/?page_id=8576","title":{"rendered":"Nordic Walking &#038; Wandern"},"content":{"rendered":"\n<p>Immer Dienstags um 18:30Uhr wird beim TSV Deinsen Nordic Walking angeboten.<\/p>\n\n\n\n<p>Die Teilnehmer treffen sich in der N\u00e4he des Sportheimes. Interessierte k\u00f6nnen gerne einfach vorbeischauen.<\/p>\n\n\n\n<p>M\u00f6gliche Wandertouren werden je nach Interesse einzeln veranstaltet.<\/p>\n","protected":false},"excerpt":{"rendered":"<p>Immer Dienstags um 18:30Uhr wird beim TSV Deinsen Nordic Walking angeboten. Die Teilnehmer treffen sich in der N\u00e4he des Sportheimes. Interessierte k\u00f6nnen gerne einfach vorbeischauen. M\u00f6gliche Wandertouren werden je nach Interesse einzeln veranstaltet.<\/p>\n","protected":false},"author":5,"featured_media":0,"parent":0,"menu_order":0,"comment_status":"closed","ping_status":"closed","template":"","meta":{"footnotes":""},"class_list":["post-8576","page","type-page","status-publish","hentry"],"_links":{"self":[{"href":"https:\/\/tsvdeinsen.de\/index.php?rest_route=\/wp\/v2\/pages\/8576","targetHints":{"allow":["GET"]}}],"collection":[{"href":"https:\/\/tsvdeinsen.de\/index.php?rest_route=\/wp\/v2\/pages"}],"about":[{"href":"https:\/\/tsvdeinsen.de\/index.php?rest_route=\/wp\/v2\/types\/page"}],"author":[{"embeddable":true,"href":"https:\/\/tsvdeinsen.de\/index.php?rest_route=\/wp\/v2\/users\/5"}],"replies":[{"embeddable":true,"href":"https:\/\/tsvdeinsen.de\/index.php?rest_route=%2Fwp%2Fv2%2Fcomments&post=8576"}],"version-history":[{"count":3,"href":"https:\/\/tsvdeinsen.de\/index.php?rest_route=\/wp\/v2\/pages\/8576\/revisions"}],"predecessor-version":[{"id":8588,"href":"https:\/\/tsvdeinsen.de\/index.php?rest_route=\/wp\/v2\/pages\/8576\/revisions\/8588"}],"wp:attachment":[{"href":"https:\/\/tsvdeinsen.de\/index.php?rest_route=%2Fwp%2Fv2%2Fmedia&parent=8576"}],"curies":[{"name":"wp","href":"https:\/\/api.w.org\/{rel}","templated":true}]}}