{"id":90,"date":"2014-04-12T16:45:25","date_gmt":"2014-04-12T16:45:25","guid":{"rendered":"http:\/\/sporty-wp.wp4life.com\/?page_id=90"},"modified":"2025-07-14T19:08:51","modified_gmt":"2025-07-14T17:08:51","slug":"contact","status":"publish","type":"page","link":"https:\/\/tsvdeinsen.de\/?page_id=90","title":{"rendered":"Kontakt"},"content":{"rendered":"\n<figure class=\"wp-block-image size-large\"><img loading=\"lazy\" decoding=\"async\" width=\"1024\" height=\"768\" src=\"https:\/\/tsvdeinsen.de\/wp-content\/uploads\/2025\/07\/IMG_2585-1024x768.jpg\" alt=\"\" class=\"wp-image-10459\" srcset=\"https:\/\/tsvdeinsen.de\/wp-content\/uploads\/2025\/07\/IMG_2585-1024x768.jpg 1024w, https:\/\/tsvdeinsen.de\/wp-content\/uploads\/2025\/07\/IMG_2585-300x225.jpg 300w, https:\/\/tsvdeinsen.de\/wp-content\/uploads\/2025\/07\/IMG_2585-1536x1152.jpg 1536w, https:\/\/tsvdeinsen.de\/wp-content\/uploads\/2025\/07\/IMG_2585-2048x1536.jpg 2048w, https:\/\/tsvdeinsen.de\/wp-content\/uploads\/2025\/07\/IMG_2585-128x96.jpg 128w, https:\/\/tsvdeinsen.de\/wp-content\/uploads\/2025\/07\/IMG_2585-32x24.jpg 32w\" sizes=\"auto, (max-width: 1024px) 100vw, 1024px\" \/><\/figure>\n\n\n\n<p class=\"has-text-align-center\"><span style=\"text-decoration: underline;\"><strong>Von links nach rechts auf dem Bild:<\/strong><\/span>&nbsp;<\/p>\n\n\n\n<p class=\"has-text-align-center\">Manuel Beining, Petra Brandes, Jaqueline Gusek und Norbert Fengler<\/p>\n\n\n\n<p class=\"has-text-align-center\">Der neue Vorstand des TSV Deinsen auf der JHV 2025 gew\u00e4hlt f\u00fcr die n\u00e4chsten 2 Jahre !!!<\/p>\n\n\n\n<p class=\"has-text-align-center\">\n<table id=\"tablepress-9\" class=\"tablepress tablepress-id-9\">\n<thead>\n<tr class=\"row-1\">\n\t<th class=\"column-1\">Name<\/th><th class=\"column-2\">Position beim TSV <\/th><th class=\"column-3\">E-Mail-Adresse<\/th><th class=\"column-4\">Handynummer<\/th>\n<\/tr>\n<\/thead>\n<tbody class=\"row-striping row-hover\">\n<tr class=\"row-2\">\n\t<td class=\"column-1\">Norbert Fengler<\/td><td class=\"column-2\">1. Vorsitzender <\/td><td class=\"column-3\">norbert.fengler54@web.de<\/td><td class=\"column-4\">0171\/9576536<\/td>\n<\/tr>\n<tr class=\"row-3\">\n\t<td class=\"column-1\">Manuel Beining<\/td><td class=\"column-2\">2. Vorsitzender\/Spartenleiter<\/td><td class=\"column-3\">manuelbeining@gmail.com<\/td><td class=\"column-4\">0160\/98248555<\/td>\n<\/tr>\n<tr class=\"row-4\">\n\t<td class=\"column-1\">Jaqueline Gusek<\/td><td class=\"column-2\">3. Vorsitzender<\/td><td class=\"column-3\">gusek.jaqueline@web.de<\/td><td class=\"column-4\">0175\/5246581<\/td>\n<\/tr>\n<tr class=\"row-5\">\n\t<td class=\"column-1\">Petra Brandes<\/td><td class=\"column-2\">Kassen - und Finanzwesen<\/td><td class=\"column-3\">Petra.Brandes@sappi.com <br \/>\n<\/td><td class=\"column-4\">01575\/3007390<\/td>\n<\/tr>\n<\/tbody>\n<\/table>\n<!-- #tablepress-9 from cache --><\/p>\n\n\n\n<hr\/>\n\n\n\n<h3 class=\"wp-block-heading\">Sportheim<\/h3>\n\n\n\n<p>TSV Deinsen e.V.<br>Am Sportplatz<br>31036 Deinsen<\/p>\n\n\n\n<p><strong>Telefon:&nbsp;<\/strong>05185 \/ 65 45<\/p>\n\n\n\n<p><a href=\"https:\/\/www.tsvdeinsen.de\/wp-content\/uploads\/2014\/04\/At-symbol-4.sm_1-300x300-e1421416755591.jpg\"><img loading=\"lazy\" decoding=\"async\" class=\"alignnone size-medium wp-image-1884\" src=\"https:\/\/www.tsvdeinsen.de\/wp-content\/uploads\/2014\/04\/At-symbol-4.sm_1-300x300-300x300.jpg\" alt=\"At-symbol-4.sm_1-300x300\" width=\"300\" height=\"300\"><\/a><br><strong>E-Mail:<\/strong> <a href=\"mailto:webmaster@tsvdeinsen.de\">webmaster@tsvdeinsen.de<\/a><hr\/>\n\n\n\n<p>[\/one_third_last]<\/p>\n","protected":false},"excerpt":{"rendered":"<p>Von links nach rechts auf dem Bild:&nbsp; Manuel Beining, Petra Brandes, Jaqueline Gusek und Norbert Fengler Der neue Vorstand des TSV Deinsen auf der JHV 2025 gew\u00e4hlt f\u00fcr die n\u00e4chsten 2 Jahre !!! Sportheim TSV Deinsen e.V.Am Sportplatz31036 Deinsen Telefon:&nbsp;05185 \/ 65 45 E-Mail: webmaster@tsvdeinsen.de [\/one_third_last]<\/p>\n","protected":false},"author":1,"featured_media":0,"parent":0,"menu_order":0,"comment_status":"open","ping_status":"open","template":"about.php","meta":{"footnotes":""},"class_list":["post-90","page","type-page","status-publish","hentry"],"_links":{"self":[{"href":"https:\/\/tsvdeinsen.de\/index.php?rest_route=\/wp\/v2\/pages\/90","targetHints":{"allow":["GET"]}}],"collection":[{"href":"https:\/\/tsvdeinsen.de\/index.php?rest_route=\/wp\/v2\/pages"}],"about":[{"href":"https:\/\/tsvdeinsen.de\/index.php?rest_route=\/wp\/v2\/types\/page"}],"author":[{"embeddable":true,"href":"https:\/\/tsvdeinsen.de\/index.php?rest_route=\/wp\/v2\/users\/1"}],"replies":[{"embeddable":true,"href":"https:\/\/tsvdeinsen.de\/index.php?rest_route=%2Fwp%2Fv2%2Fcomments&post=90"}],"version-history":[{"count":57,"href":"https:\/\/tsvdeinsen.de\/index.php?rest_route=\/wp\/v2\/pages\/90\/revisions"}],"predecessor-version":[{"id":10461,"href":"https:\/\/tsvdeinsen.de\/index.php?rest_route=\/wp\/v2\/pages\/90\/revisions\/10461"}],"wp:attachment":[{"href":"https:\/\/tsvdeinsen.de\/index.php?rest_route=%2Fwp%2Fv2%2Fmedia&parent=90"}],"curies":[{"name":"wp","href":"https:\/\/api.w.org\/{rel}","templated":true}]}}